{"id":8210,"date":"2023-05-01T15:11:24","date_gmt":"2023-05-01T15:11:24","guid":{"rendered":"https:\/\/eva-lafargue.com\/?page_id=8210"},"modified":"2025-04-09T09:31:10","modified_gmt":"2025-04-09T09:31:10","slug":"wordpress","status":"publish","type":"page","link":"https:\/\/eva-lafargue.com\/index.php\/wordpress\/","title":{"rendered":"WordPress"},"content":{"rendered":"\t\t<div data-elementor-type=\"wp-page\" data-elementor-id=\"8210\" class=\"elementor elementor-8210\" data-elementor-post-type=\"page\">\n\t\t\t\t\t\t<section class=\"elementor-section elementor-top-section elementor-element elementor-element-29c2a51 elementor-section-boxed elementor-section-height-default elementor-section-height-default\" data-id=\"29c2a51\" data-element_type=\"section\">\n\t\t\t\t\t\t<div class=\"elementor-container elementor-column-gap-default\">\n\t\t\t\t\t<div class=\"elementor-column elementor-col-100 elementor-top-column elementor-element elementor-element-3fd4b4d\" data-id=\"3fd4b4d\" data-element_type=\"column\">\n\t\t\t<div class=\"elementor-widget-wrap elementor-element-populated\">\n\t\t\t\t\t\t<div class=\"elementor-element elementor-element-3ad30ef elementor-widget elementor-widget-image\" data-id=\"3ad30ef\" data-element_type=\"widget\" data-widget_type=\"image.default\">\n\t\t\t\t<div class=\"elementor-widget-container\">\n\t\t\t\t\t\t\t\t\t\t\t\t\t\t\t<img decoding=\"async\" src=\"https:\/\/eva-lafargue.com\/wp-content\/uploads\/elementor\/thumbs\/Logo-horizontal-bleu-q4t0m1i8kuoci65e70irbqop56i6k3l4aagy47q5eq.png\" title=\"Logo-horizontal-bleu\" alt=\"Logo-horizontal-bleu\" loading=\"lazy\" \/>\t\t\t\t\t\t\t\t\t\t\t\t\t\t\t<\/div>\n\t\t\t\t<\/div>\n\t\t\t\t<div class=\"elementor-element elementor-element-a55c55d animated-slow elementor-invisible elementor-widget elementor-widget-heading\" data-id=\"a55c55d\" data-element_type=\"widget\" data-settings=\"{&quot;_animation&quot;:&quot;zoomIn&quot;}\" data-widget_type=\"heading.default\">\n\t\t\t\t<div class=\"elementor-widget-container\">\n\t\t\t\t\t<h1 class=\"elementor-heading-title elementor-size-default\">Pop-up<\/h1>\t\t\t\t<\/div>\n\t\t\t\t<\/div>\n\t\t\t\t\t<\/div>\n\t\t<\/div>\n\t\t\t\t\t<\/div>\n\t\t<\/section>\n\t\t<div class=\"elementor-element elementor-element-c1cd8bf e-con-full e-flex e-con e-parent\" data-id=\"c1cd8bf\" data-element_type=\"container\">\n\t\t<div class=\"elementor-element elementor-element-5918f21 e-con-full e-flex e-con e-child\" data-id=\"5918f21\" data-element_type=\"container\">\n\t\t\t\t<div class=\"elementor-element elementor-element-91a3a3e elementor-widget elementor-widget-text-editor\" data-id=\"91a3a3e\" data-element_type=\"widget\" data-widget_type=\"text-editor.default\">\n\t\t\t\t<div class=\"elementor-widget-container\">\n\t\t\t\t\t\t\t\t\t<p><strong>O\u00f9 ?<\/strong> Durant mon alternance \u00e0 La conciergerie du Lac<\/p><p><strong>Quand ? Quelle dur\u00e9e ? <\/strong>1 jours, La pop-up est toujours sur le site<\/p><p><strong>Avec qui ?<\/strong> R\u00e9alisation effectu\u00e9 avec l&rsquo;avis de mon tuteur<\/p><p><strong>Pourquoi ?\u00a0<\/strong>Suite \u00e0 la nouvelle r\u00e9glementation de changement d&rsquo;usage des appartements en location meubl\u00e9e et \u00e0 la cr\u00e9ation du Syndicat des conciergeries d&rsquo;Annecy par mon sup\u00e9rieur. Il m&rsquo;a \u00e9t\u00e9 demand\u00e9 par mon sup\u00e9rieur de r\u00e9aliser une pop-up apparaissent d\u00e8s l&rsquo;ouverture du site, avec une lien en savoir plus vers un article expliquant la nouvelle r\u00e9glementation, afin de transmettre l&rsquo;information.<\/p>\t\t\t\t\t\t\t\t<\/div>\n\t\t\t\t<\/div>\n\t\t\t\t<\/div>\n\t\t<div class=\"elementor-element elementor-element-969c1b7 e-con-full e-flex e-con e-child\" data-id=\"969c1b7\" data-element_type=\"container\">\n\t\t\t\t<div class=\"elementor-element elementor-element-b270fe0 animated-slow elementor-invisible elementor-widget elementor-widget-image\" data-id=\"b270fe0\" data-element_type=\"widget\" data-settings=\"{&quot;_animation&quot;:&quot;zoomIn&quot;}\" data-widget_type=\"image.default\">\n\t\t\t\t<div class=\"elementor-widget-container\">\n\t\t\t\t\t\t\t\t\t\t\t\t\t\t\t<img fetchpriority=\"high\" decoding=\"async\" width=\"2048\" height=\"1172\" src=\"https:\/\/eva-lafargue.com\/wp-content\/uploads\/2023\/05\/Capture-decran-2023-05-25-a-13.31.01-2-2048x1172.png\" class=\"attachment-2048x2048 size-2048x2048 wp-image-9655\" alt=\"\" srcset=\"https:\/\/eva-lafargue.com\/wp-content\/uploads\/2023\/05\/Capture-decran-2023-05-25-a-13.31.01-2-2048x1172.png 2048w, https:\/\/eva-lafargue.com\/wp-content\/uploads\/2023\/05\/Capture-decran-2023-05-25-a-13.31.01-2-480x275.png 480w, https:\/\/eva-lafargue.com\/wp-content\/uploads\/2023\/05\/Capture-decran-2023-05-25-a-13.31.01-2-1200x687.png 1200w, https:\/\/eva-lafargue.com\/wp-content\/uploads\/2023\/05\/Capture-decran-2023-05-25-a-13.31.01-2-768x440.png 768w, https:\/\/eva-lafargue.com\/wp-content\/uploads\/2023\/05\/Capture-decran-2023-05-25-a-13.31.01-2-1536x879.png 1536w, https:\/\/eva-lafargue.com\/wp-content\/uploads\/2023\/05\/Capture-decran-2023-05-25-a-13.31.01-2-900x515.png 900w\" sizes=\"(max-width: 2048px) 100vw, 2048px\" \/>\t\t\t\t\t\t\t\t\t\t\t\t\t\t\t<\/div>\n\t\t\t\t<\/div>\n\t\t\t\t<\/div>\n\t\t\t\t<\/div>\n\t\t\t\t<section class=\"elementor-section elementor-top-section elementor-element elementor-element-e6096f4 animated-slow elementor-section-boxed elementor-section-height-default elementor-section-height-default elementor-invisible\" data-id=\"e6096f4\" data-element_type=\"section\" data-settings=\"{&quot;animation&quot;:&quot;fadeInUp&quot;}\">\n\t\t\t\t\t\t<div class=\"elementor-container elementor-column-gap-default\">\n\t\t\t\t\t<div class=\"elementor-column elementor-col-100 elementor-top-column elementor-element elementor-element-c8a12b2\" data-id=\"c8a12b2\" data-element_type=\"column\">\n\t\t\t<div class=\"elementor-widget-wrap elementor-element-populated\">\n\t\t\t\t\t\t<div class=\"elementor-element elementor-element-a2a7e05 elementor-widget-divider--view-line elementor-widget elementor-widget-divider\" data-id=\"a2a7e05\" data-element_type=\"widget\" data-widget_type=\"divider.default\">\n\t\t\t\t<div class=\"elementor-widget-container\">\n\t\t\t\t\t\t\t<div class=\"elementor-divider\">\n\t\t\t<span class=\"elementor-divider-separator\">\n\t\t\t\t\t\t<\/span>\n\t\t<\/div>\n\t\t\t\t\t\t<\/div>\n\t\t\t\t<\/div>\n\t\t\t\t<div class=\"elementor-element elementor-element-1f22ee1 elementor-widget elementor-widget-heading\" data-id=\"1f22ee1\" data-element_type=\"widget\" data-widget_type=\"heading.default\">\n\t\t\t\t<div class=\"elementor-widget-container\">\n\t\t\t\t\t<h1 class=\"elementor-heading-title elementor-size-default\">Les articles<\/h1>\t\t\t\t<\/div>\n\t\t\t\t<\/div>\n\t\t\t\t<div class=\"elementor-element elementor-element-793dd6b elementor-widget elementor-widget-text-editor\" data-id=\"793dd6b\" data-element_type=\"widget\" data-widget_type=\"text-editor.default\">\n\t\t\t\t<div class=\"elementor-widget-container\">\n\t\t\t\t\t\t\t\t\t<p><strong>O\u00f9 ?<\/strong> Durant mon alternance \u00e0 La conciergerie du Lac<\/p><p><strong>Quand ? Quelle dur\u00e9e ?<\/strong> Toute l&rsquo;ann\u00e9e tout les mois<\/p><p><strong>Avec qui ?<\/strong> R\u00e9alisation effectu\u00e9 avec l&rsquo;avis de mon tuteur<\/p><p><strong>Pourquoi ? <\/strong>Dans l&rsquo;objectif de cr\u00e9er un maximum de visibilit\u00e9 gr\u00e2ce au r\u00e9f\u00e9rencement du site, j&rsquo;ai r\u00e9alis\u00e9 des articles de bonnes adresses sur Annecy et ses alentours. Gr\u00e2ce \u00e0 ces articles, cela nous permet \u00e9galement de cr\u00e9er un \u00e9change avec nos locataires. En les conseillant au mieux sur les endroits \u00e0 visiter sur Annecy afin que leur voyage soit des plus agr\u00e9ables.<\/p>\t\t\t\t\t\t\t\t<\/div>\n\t\t\t\t<\/div>\n\t\t\t\t<div class=\"elementor-element elementor-element-895d5f0 elementor-widget-divider--view-line_text elementor-widget-divider--element-align-center elementor-widget elementor-widget-divider\" data-id=\"895d5f0\" data-element_type=\"widget\" data-widget_type=\"divider.default\">\n\t\t\t\t<div class=\"elementor-widget-container\">\n\t\t\t\t\t\t\t<div class=\"elementor-divider\">\n\t\t\t<span class=\"elementor-divider-separator\">\n\t\t\t\t\t\t\t<span class=\"elementor-divider__text elementor-divider__element\">\n\t\t\t\tBonnes adresses\t\t\t\t<\/span>\n\t\t\t\t\t\t<\/span>\n\t\t<\/div>\n\t\t\t\t\t\t<\/div>\n\t\t\t\t<\/div>\n\t\t\t\t\t<\/div>\n\t\t<\/div>\n\t\t\t\t\t<\/div>\n\t\t<\/section>\n\t\t\t\t<section class=\"elementor-section elementor-top-section elementor-element elementor-element-f8be46a elementor-section-boxed elementor-section-height-default elementor-section-height-default\" data-id=\"f8be46a\" data-element_type=\"section\">\n\t\t\t\t\t\t<div class=\"elementor-container elementor-column-gap-default\">\n\t\t\t\t\t<div class=\"elementor-column elementor-col-50 elementor-top-column elementor-element elementor-element-1a4774a\" data-id=\"1a4774a\" data-element_type=\"column\">\n\t\t\t<div class=\"elementor-widget-wrap elementor-element-populated\">\n\t\t\t\t\t\t<div class=\"elementor-element elementor-element-63940af animated-slow elementor--h-position-center elementor--v-position-middle elementor-arrows-position-inside elementor-pagination-position-inside elementor-invisible elementor-widget elementor-widget-slides\" data-id=\"63940af\" data-element_type=\"widget\" data-settings=\"{&quot;_animation&quot;:&quot;slideInLeft&quot;,&quot;navigation&quot;:&quot;both&quot;,&quot;autoplay&quot;:&quot;yes&quot;,&quot;pause_on_hover&quot;:&quot;yes&quot;,&quot;pause_on_interaction&quot;:&quot;yes&quot;,&quot;autoplay_speed&quot;:5000,&quot;infinite&quot;:&quot;yes&quot;,&quot;transition&quot;:&quot;slide&quot;,&quot;transition_speed&quot;:500}\" data-widget_type=\"slides.default\">\n\t\t\t\t<div class=\"elementor-widget-container\">\n\t\t\t\t\t\t\t<div class=\"elementor-swiper\">\n\t\t\t<div class=\"elementor-slides-wrapper elementor-main-swiper swiper-container\" dir=\"ltr\" data-animation=\"fadeInUp\">\n\t\t\t\t<div class=\"swiper-wrapper elementor-slides\">\n\t\t\t\t\t\t\t\t\t\t<div class=\"elementor-repeater-item-b985269 swiper-slide\"><div class=\"swiper-slide-bg\" role=\"img\"><\/div><div class=\"elementor-background-overlay\"><\/div><div class=\"swiper-slide-inner\" ><div class=\"swiper-slide-contents\"><div class=\"elementor-slide-heading\">10 incontournables sur Annecy<\/div><div class=\"elementor-slide-description\">En ligne<\/div><\/div><\/div><\/div>\t\t\t\t<\/div>\n\t\t\t\t\t\t\t<\/div>\n\t\t<\/div>\n\t\t\t\t\t\t<\/div>\n\t\t\t\t<\/div>\n\t\t\t\t\t<\/div>\n\t\t<\/div>\n\t\t\t\t<div class=\"elementor-column elementor-col-50 elementor-top-column elementor-element elementor-element-e0f495a\" data-id=\"e0f495a\" data-element_type=\"column\">\n\t\t\t<div class=\"elementor-widget-wrap elementor-element-populated\">\n\t\t\t\t\t\t<div class=\"elementor-element elementor-element-fec0ccd animated-slow elementor--h-position-center elementor--v-position-middle elementor-arrows-position-inside elementor-pagination-position-inside elementor-invisible elementor-widget elementor-widget-slides\" data-id=\"fec0ccd\" data-element_type=\"widget\" data-settings=\"{&quot;_animation&quot;:&quot;slideInRight&quot;,&quot;navigation&quot;:&quot;both&quot;,&quot;autoplay&quot;:&quot;yes&quot;,&quot;pause_on_hover&quot;:&quot;yes&quot;,&quot;pause_on_interaction&quot;:&quot;yes&quot;,&quot;autoplay_speed&quot;:5000,&quot;infinite&quot;:&quot;yes&quot;,&quot;transition&quot;:&quot;slide&quot;,&quot;transition_speed&quot;:500}\" data-widget_type=\"slides.default\">\n\t\t\t\t<div class=\"elementor-widget-container\">\n\t\t\t\t\t\t\t<div class=\"elementor-swiper\">\n\t\t\t<div class=\"elementor-slides-wrapper elementor-main-swiper swiper-container\" dir=\"ltr\" data-animation=\"fadeInUp\">\n\t\t\t\t<div class=\"swiper-wrapper elementor-slides\">\n\t\t\t\t\t\t\t\t\t\t<div class=\"elementor-repeater-item-05986f3 swiper-slide\"><div class=\"swiper-slide-bg\" role=\"img\"><\/div><div class=\"elementor-background-overlay\"><\/div><div class=\"swiper-slide-inner\" ><div class=\"swiper-slide-contents\"><div class=\"elementor-slide-heading\">S\u00e9lection de 10 restaurants incontournables sur Annecy<\/div><div class=\"elementor-slide-description\">En ligne<\/div><\/div><\/div><\/div>\t\t\t\t<\/div>\n\t\t\t\t\t\t\t<\/div>\n\t\t<\/div>\n\t\t\t\t\t\t<\/div>\n\t\t\t\t<\/div>\n\t\t\t\t\t<\/div>\n\t\t<\/div>\n\t\t\t\t\t<\/div>\n\t\t<\/section>\n\t\t\t\t<\/div>\n\t\t","protected":false},"excerpt":{"rendered":"<p>Pop-up O\u00f9 ? Durant mon alternance \u00e0 La conciergerie du Lac Quand ? Quelle dur\u00e9e ? 1 jours, La pop-up est toujours sur le site Avec qui ? R\u00e9alisation effectu\u00e9 avec l&rsquo;avis de mon tuteur Pourquoi ?\u00a0Suite \u00e0 la nouvelle r\u00e9glementation de changement d&rsquo;usage des appartements en location meubl\u00e9e et \u00e0 la cr\u00e9ation du Syndicat [&hellip;]<\/p>\n","protected":false},"author":1,"featured_media":0,"parent":0,"menu_order":0,"comment_status":"closed","ping_status":"closed","template":"","meta":{"footnotes":""},"class_list":["post-8210","page","type-page","status-publish","hentry"],"yoast_head":"<!-- This site is optimized with the Yoast SEO plugin v24.8.1 - https:\/\/yoast.com\/wordpress\/plugins\/seo\/ -->\n<title>WordPress - Eva Lafargue<\/title>\n<meta name=\"robots\" content=\"index, follow, max-snippet:-1, max-image-preview:large, max-video-preview:-1\" \/>\n<link rel=\"canonical\" href=\"https:\/\/eva-lafargue.com\/index.php\/wordpress\/\" \/>\n<meta property=\"og:locale\" content=\"fr_FR\" \/>\n<meta property=\"og:type\" content=\"article\" \/>\n<meta property=\"og:title\" content=\"WordPress - Eva Lafargue\" \/>\n<meta property=\"og:description\" content=\"Pop-up O\u00f9 ? Durant mon alternance \u00e0 La conciergerie du Lac Quand ? Quelle dur\u00e9e ? 1 jours, La pop-up est toujours sur le site Avec qui ? R\u00e9alisation effectu\u00e9 avec l&rsquo;avis de mon tuteur Pourquoi ?\u00a0Suite \u00e0 la nouvelle r\u00e9glementation de changement d&rsquo;usage des appartements en location meubl\u00e9e et \u00e0 la cr\u00e9ation du Syndicat [&hellip;]\" \/>\n<meta property=\"og:url\" content=\"https:\/\/eva-lafargue.com\/index.php\/wordpress\/\" \/>\n<meta property=\"og:site_name\" content=\"Eva Lafargue\" \/>\n<meta property=\"article:modified_time\" content=\"2025-04-09T09:31:10+00:00\" \/>\n<meta property=\"og:image\" content=\"https:\/\/eva-lafargue.com\/wp-content\/uploads\/elementor\/thumbs\/Logo-horizontal-bleu-q4t0m1i8kuoci65e70irbqop56i6k3l4aagy47q5eq.png\" \/>\n<meta name=\"twitter:card\" content=\"summary_large_image\" \/>\n<meta name=\"twitter:label1\" content=\"Dur\u00e9e de lecture estim\u00e9e\" \/>\n\t<meta name=\"twitter:data1\" content=\"2 minutes\" \/>\n<script type=\"application\/ld+json\" class=\"yoast-schema-graph\">{\"@context\":\"https:\/\/schema.org\",\"@graph\":[{\"@type\":\"WebPage\",\"@id\":\"https:\/\/eva-lafargue.com\/index.php\/wordpress\/\",\"url\":\"https:\/\/eva-lafargue.com\/index.php\/wordpress\/\",\"name\":\"WordPress - Eva Lafargue\",\"isPartOf\":{\"@id\":\"https:\/\/eva-lafargue.com\/#website\"},\"primaryImageOfPage\":{\"@id\":\"https:\/\/eva-lafargue.com\/index.php\/wordpress\/#primaryimage\"},\"image\":{\"@id\":\"https:\/\/eva-lafargue.com\/index.php\/wordpress\/#primaryimage\"},\"thumbnailUrl\":\"https:\/\/eva-lafargue.com\/wp-content\/uploads\/elementor\/thumbs\/Logo-horizontal-bleu-q4t0m1i8kuoci65e70irbqop56i6k3l4aagy47q5eq.png\",\"datePublished\":\"2023-05-01T15:11:24+00:00\",\"dateModified\":\"2025-04-09T09:31:10+00:00\",\"breadcrumb\":{\"@id\":\"https:\/\/eva-lafargue.com\/index.php\/wordpress\/#breadcrumb\"},\"inLanguage\":\"fr-FR\",\"potentialAction\":[{\"@type\":\"ReadAction\",\"target\":[\"https:\/\/eva-lafargue.com\/index.php\/wordpress\/\"]}]},{\"@type\":\"ImageObject\",\"inLanguage\":\"fr-FR\",\"@id\":\"https:\/\/eva-lafargue.com\/index.php\/wordpress\/#primaryimage\",\"url\":\"https:\/\/eva-lafargue.com\/wp-content\/uploads\/elementor\/thumbs\/Logo-horizontal-bleu-q4t0m1i8kuoci65e70irbqop56i6k3l4aagy47q5eq.png\",\"contentUrl\":\"https:\/\/eva-lafargue.com\/wp-content\/uploads\/elementor\/thumbs\/Logo-horizontal-bleu-q4t0m1i8kuoci65e70irbqop56i6k3l4aagy47q5eq.png\"},{\"@type\":\"BreadcrumbList\",\"@id\":\"https:\/\/eva-lafargue.com\/index.php\/wordpress\/#breadcrumb\",\"itemListElement\":[{\"@type\":\"ListItem\",\"position\":1,\"name\":\"Accueil\",\"item\":\"https:\/\/eva-lafargue.com\/\"},{\"@type\":\"ListItem\",\"position\":2,\"name\":\"WordPress\"}]},{\"@type\":\"WebSite\",\"@id\":\"https:\/\/eva-lafargue.com\/#website\",\"url\":\"https:\/\/eva-lafargue.com\/\",\"name\":\"Eva Lafargue\",\"description\":\"\",\"publisher\":{\"@id\":\"https:\/\/eva-lafargue.com\/#organization\"},\"potentialAction\":[{\"@type\":\"SearchAction\",\"target\":{\"@type\":\"EntryPoint\",\"urlTemplate\":\"https:\/\/eva-lafargue.com\/?s={search_term_string}\"},\"query-input\":{\"@type\":\"PropertyValueSpecification\",\"valueRequired\":true,\"valueName\":\"search_term_string\"}}],\"inLanguage\":\"fr-FR\"},{\"@type\":\"Organization\",\"@id\":\"https:\/\/eva-lafargue.com\/#organization\",\"name\":\"Eva Lafargue\",\"url\":\"https:\/\/eva-lafargue.com\/\",\"logo\":{\"@type\":\"ImageObject\",\"inLanguage\":\"fr-FR\",\"@id\":\"https:\/\/eva-lafargue.com\/#\/schema\/logo\/image\/\",\"url\":\"https:\/\/eva-lafargue.com\/wp-content\/uploads\/2023\/04\/4.png\",\"contentUrl\":\"https:\/\/eva-lafargue.com\/wp-content\/uploads\/2023\/04\/4.png\",\"width\":500,\"height\":500,\"caption\":\"Eva Lafargue\"},\"image\":{\"@id\":\"https:\/\/eva-lafargue.com\/#\/schema\/logo\/image\/\"}}]}<\/script>\n<!-- \/ Yoast SEO plugin. -->","yoast_head_json":{"title":"WordPress - Eva Lafargue","robots":{"index":"index","follow":"follow","max-snippet":"max-snippet:-1","max-image-preview":"max-image-preview:large","max-video-preview":"max-video-preview:-1"},"canonical":"https:\/\/eva-lafargue.com\/index.php\/wordpress\/","og_locale":"fr_FR","og_type":"article","og_title":"WordPress - Eva Lafargue","og_description":"Pop-up O\u00f9 ? Durant mon alternance \u00e0 La conciergerie du Lac Quand ? Quelle dur\u00e9e ? 1 jours, La pop-up est toujours sur le site Avec qui ? R\u00e9alisation effectu\u00e9 avec l&rsquo;avis de mon tuteur Pourquoi ?\u00a0Suite \u00e0 la nouvelle r\u00e9glementation de changement d&rsquo;usage des appartements en location meubl\u00e9e et \u00e0 la cr\u00e9ation du Syndicat [&hellip;]","og_url":"https:\/\/eva-lafargue.com\/index.php\/wordpress\/","og_site_name":"Eva Lafargue","article_modified_time":"2025-04-09T09:31:10+00:00","og_image":[{"url":"https:\/\/eva-lafargue.com\/wp-content\/uploads\/elementor\/thumbs\/Logo-horizontal-bleu-q4t0m1i8kuoci65e70irbqop56i6k3l4aagy47q5eq.png","type":"","width":"","height":""}],"twitter_card":"summary_large_image","twitter_misc":{"Dur\u00e9e de lecture estim\u00e9e":"2 minutes"},"schema":{"@context":"https:\/\/schema.org","@graph":[{"@type":"WebPage","@id":"https:\/\/eva-lafargue.com\/index.php\/wordpress\/","url":"https:\/\/eva-lafargue.com\/index.php\/wordpress\/","name":"WordPress - Eva Lafargue","isPartOf":{"@id":"https:\/\/eva-lafargue.com\/#website"},"primaryImageOfPage":{"@id":"https:\/\/eva-lafargue.com\/index.php\/wordpress\/#primaryimage"},"image":{"@id":"https:\/\/eva-lafargue.com\/index.php\/wordpress\/#primaryimage"},"thumbnailUrl":"https:\/\/eva-lafargue.com\/wp-content\/uploads\/elementor\/thumbs\/Logo-horizontal-bleu-q4t0m1i8kuoci65e70irbqop56i6k3l4aagy47q5eq.png","datePublished":"2023-05-01T15:11:24+00:00","dateModified":"2025-04-09T09:31:10+00:00","breadcrumb":{"@id":"https:\/\/eva-lafargue.com\/index.php\/wordpress\/#breadcrumb"},"inLanguage":"fr-FR","potentialAction":[{"@type":"ReadAction","target":["https:\/\/eva-lafargue.com\/index.php\/wordpress\/"]}]},{"@type":"ImageObject","inLanguage":"fr-FR","@id":"https:\/\/eva-lafargue.com\/index.php\/wordpress\/#primaryimage","url":"https:\/\/eva-lafargue.com\/wp-content\/uploads\/elementor\/thumbs\/Logo-horizontal-bleu-q4t0m1i8kuoci65e70irbqop56i6k3l4aagy47q5eq.png","contentUrl":"https:\/\/eva-lafargue.com\/wp-content\/uploads\/elementor\/thumbs\/Logo-horizontal-bleu-q4t0m1i8kuoci65e70irbqop56i6k3l4aagy47q5eq.png"},{"@type":"BreadcrumbList","@id":"https:\/\/eva-lafargue.com\/index.php\/wordpress\/#breadcrumb","itemListElement":[{"@type":"ListItem","position":1,"name":"Accueil","item":"https:\/\/eva-lafargue.com\/"},{"@type":"ListItem","position":2,"name":"WordPress"}]},{"@type":"WebSite","@id":"https:\/\/eva-lafargue.com\/#website","url":"https:\/\/eva-lafargue.com\/","name":"Eva Lafargue","description":"","publisher":{"@id":"https:\/\/eva-lafargue.com\/#organization"},"potentialAction":[{"@type":"SearchAction","target":{"@type":"EntryPoint","urlTemplate":"https:\/\/eva-lafargue.com\/?s={search_term_string}"},"query-input":{"@type":"PropertyValueSpecification","valueRequired":true,"valueName":"search_term_string"}}],"inLanguage":"fr-FR"},{"@type":"Organization","@id":"https:\/\/eva-lafargue.com\/#organization","name":"Eva Lafargue","url":"https:\/\/eva-lafargue.com\/","logo":{"@type":"ImageObject","inLanguage":"fr-FR","@id":"https:\/\/eva-lafargue.com\/#\/schema\/logo\/image\/","url":"https:\/\/eva-lafargue.com\/wp-content\/uploads\/2023\/04\/4.png","contentUrl":"https:\/\/eva-lafargue.com\/wp-content\/uploads\/2023\/04\/4.png","width":500,"height":500,"caption":"Eva Lafargue"},"image":{"@id":"https:\/\/eva-lafargue.com\/#\/schema\/logo\/image\/"}}]}},"_links":{"self":[{"href":"https:\/\/eva-lafargue.com\/index.php\/wp-json\/wp\/v2\/pages\/8210"}],"collection":[{"href":"https:\/\/eva-lafargue.com\/index.php\/wp-json\/wp\/v2\/pages"}],"about":[{"href":"https:\/\/eva-lafargue.com\/index.php\/wp-json\/wp\/v2\/types\/page"}],"author":[{"embeddable":true,"href":"https:\/\/eva-lafargue.com\/index.php\/wp-json\/wp\/v2\/users\/1"}],"replies":[{"embeddable":true,"href":"https:\/\/eva-lafargue.com\/index.php\/wp-json\/wp\/v2\/comments?post=8210"}],"version-history":[{"count":57,"href":"https:\/\/eva-lafargue.com\/index.php\/wp-json\/wp\/v2\/pages\/8210\/revisions"}],"predecessor-version":[{"id":13070,"href":"https:\/\/eva-lafargue.com\/index.php\/wp-json\/wp\/v2\/pages\/8210\/revisions\/13070"}],"wp:attachment":[{"href":"https:\/\/eva-lafargue.com\/index.php\/wp-json\/wp\/v2\/media?parent=8210"}],"curies":[{"name":"wp","href":"https:\/\/api.w.org\/{rel}","templated":true}]}}