{"id":10216,"date":"2023-06-02T11:25:11","date_gmt":"2023-06-02T11:25:11","guid":{"rendered":"https:\/\/eva-lafargue.com\/?page_id=10216"},"modified":"2023-06-02T11:25:11","modified_gmt":"2023-06-02T11:25:11","slug":"mentions-legales","status":"publish","type":"page","link":"https:\/\/eva-lafargue.com\/index.php\/mentions-legales\/","title":{"rendered":"Mentions l\u00e9gales"},"content":{"rendered":"\n<p>En vigueur au 02\/06\/2023<\/p>\n\n\n\n<p>Conform\u00e9ment aux dispositions des Articles 6-III et 19 de la Loi n\u00b02004-575 du 21 juin 2004 pour la Confiance dans l\u2019\u00e9conomie num\u00e9rique, dite L.C.E.N., il est port\u00e9 \u00e0 la connaissance des utilisateurs et visiteurs, ci-apr\u00e8s l\u00a0\u00bb\u00a0\u00bb<strong>Utilisateur<\/strong>\u00ab\u00a0, du site eva-lafargue.com , ci-apr\u00e8s le \u00ab\u00a0<strong>Site<\/strong>\u00ab\u00a0, les pr\u00e9sentes mentions l\u00e9gales.<\/p>\n\n\n\n<p>La connexion et la navigation sur le Site par l\u2019Utilisateur implique acceptation int\u00e9grale et sans r\u00e9serve des pr\u00e9sentes mentions l\u00e9gales.<\/p>\n\n\n\n<p>Ces derni\u00e8res sont accessibles sur le Site \u00e0 la rubrique \u00ab&nbsp;<strong>Mentions l\u00e9gales&nbsp;<\/strong>\u00bb.&nbsp;<strong>ARTICLE 1 &#8211; L&rsquo;EDITEUR<\/strong><\/p>\n\n\n\n<p>L\u2019\u00e9dition et la direction de la publication du Site est assur\u00e9e par Eva Lafargue, domicili\u00e9e 14 avenue du Rh\u00f4ne, dont le num\u00e9ro de t\u00e9l\u00e9phone est _______________, et l&rsquo;adresse e-mail eva.lfg21@gmail.com.<\/p>\n\n\n\n<p>ci-apr\u00e8s l'\u00a0\u00bb<strong>Editeur<\/strong>\u00ab\u00a0.<\/p>\n\n\n\n<p><strong>ARTICLE 2 &#8211; L&rsquo;HEBERGEUR<\/strong><\/p>\n\n\n\n<p>L&rsquo;h\u00e9bergeur du Site est la soci\u00e9t\u00e9 Hostinger, dont le si\u00e8ge social est situ\u00e9 au 14 avenue du Rh\u00f4ne , av<strong>ec le num\u00e9ro de t\u00e9l\u00e9phone : _______________ + adresse mail de contact<\/strong><\/p>\n\n\n\n<p><strong>ARTICLE 3 &#8211; ACCES AU SITE<\/strong><\/p>\n\n\n\n<p>Le Site est accessible en tout endroit, 7j\/7, 24h\/24 sauf cas de force majeure, interruption programm\u00e9e ou non et pouvant d\u00e9coulant d\u2019une n\u00e9cessit\u00e9 de maintenance.<\/p>\n\n\n\n<p>En cas de modification, interruption ou suspension du Site, l&rsquo;Editeur ne saurait \u00eatre tenu responsable.<\/p>\n\n\n\n<p><strong>ARTICLE 4 &#8211; COLLECTE DES DONNEES<\/strong><\/p>\n\n\n\n<p>Le site est exempt\u00e9 de d\u00e9claration \u00e0 la Commission Nationale Informatique et Libert\u00e9s (CNIL) dans la mesure o\u00f9 il ne collecte aucune donn\u00e9e concernant les utilisateurs.<\/p>\n\n\n\n<p>Toute utilisation, reproduction, diffusion, commercialisation, modification de toute ou partie du Site, sans autorisation de l\u2019Editeur est prohib\u00e9e et pourra entra\u00een\u00e9e des actions et poursuites judiciaires telles que notamment pr\u00e9vues par le Code de la propri\u00e9t\u00e9 intellectuelle et le Code civil.<\/p>\n\n\n\n<p><\/p>\n\n\n\n<p>R\u00e9dig\u00e9 sur http:\/\/legalplace.fr<\/p>\n","protected":false},"excerpt":{"rendered":"<p>En vigueur au 02\/06\/2023 Conform\u00e9ment aux dispositions des Articles 6-III et 19 de la Loi n\u00b02004-575 du 21 juin 2004 pour la Confiance dans l\u2019\u00e9conomie num\u00e9rique, dite L.C.E.N., il est port\u00e9 \u00e0 la connaissance des utilisateurs et visiteurs, ci-apr\u00e8s l\u00a0\u00bb\u00a0\u00bbUtilisateur\u00ab\u00a0, du site eva-lafargue.com , ci-apr\u00e8s le \u00ab\u00a0Site\u00ab\u00a0, les pr\u00e9sentes mentions l\u00e9gales. La connexion et la [&hellip;]<\/p>\n","protected":false},"author":1,"featured_media":0,"parent":0,"menu_order":0,"comment_status":"closed","ping_status":"closed","template":"","meta":{"footnotes":""},"class_list":["post-10216","page","type-page","status-publish","hentry"],"yoast_head":"<!-- This site is optimized with the Yoast SEO plugin v24.8.1 - https:\/\/yoast.com\/wordpress\/plugins\/seo\/ -->\n<title>Mentions l\u00e9gales - Eva Lafargue<\/title>\n<meta name=\"robots\" content=\"index, follow, max-snippet:-1, max-image-preview:large, max-video-preview:-1\" \/>\n<link rel=\"canonical\" href=\"https:\/\/eva-lafargue.com\/index.php\/mentions-legales\/\" \/>\n<meta property=\"og:locale\" content=\"fr_FR\" \/>\n<meta property=\"og:type\" content=\"article\" \/>\n<meta property=\"og:title\" content=\"Mentions l\u00e9gales - Eva Lafargue\" \/>\n<meta property=\"og:description\" content=\"En vigueur au 02\/06\/2023 Conform\u00e9ment aux dispositions des Articles 6-III et 19 de la Loi n\u00b02004-575 du 21 juin 2004 pour la Confiance dans l\u2019\u00e9conomie num\u00e9rique, dite L.C.E.N., il est port\u00e9 \u00e0 la connaissance des utilisateurs et visiteurs, ci-apr\u00e8s l\u00a0\u00bb\u00a0\u00bbUtilisateur\u00ab\u00a0, du site eva-lafargue.com , ci-apr\u00e8s le \u00ab\u00a0Site\u00ab\u00a0, les pr\u00e9sentes mentions l\u00e9gales. La connexion et la [&hellip;]\" \/>\n<meta property=\"og:url\" content=\"https:\/\/eva-lafargue.com\/index.php\/mentions-legales\/\" \/>\n<meta property=\"og:site_name\" content=\"Eva Lafargue\" \/>\n<meta name=\"twitter:card\" content=\"summary_large_image\" \/>\n<meta name=\"twitter:label1\" content=\"Dur\u00e9e de lecture estim\u00e9e\" \/>\n\t<meta name=\"twitter:data1\" content=\"2 minutes\" \/>\n<script type=\"application\/ld+json\" class=\"yoast-schema-graph\">{\"@context\":\"https:\/\/schema.org\",\"@graph\":[{\"@type\":\"WebPage\",\"@id\":\"https:\/\/eva-lafargue.com\/index.php\/mentions-legales\/\",\"url\":\"https:\/\/eva-lafargue.com\/index.php\/mentions-legales\/\",\"name\":\"Mentions l\u00e9gales - Eva Lafargue\",\"isPartOf\":{\"@id\":\"https:\/\/eva-lafargue.com\/#website\"},\"datePublished\":\"2023-06-02T11:25:11+00:00\",\"breadcrumb\":{\"@id\":\"https:\/\/eva-lafargue.com\/index.php\/mentions-legales\/#breadcrumb\"},\"inLanguage\":\"fr-FR\",\"potentialAction\":[{\"@type\":\"ReadAction\",\"target\":[\"https:\/\/eva-lafargue.com\/index.php\/mentions-legales\/\"]}]},{\"@type\":\"BreadcrumbList\",\"@id\":\"https:\/\/eva-lafargue.com\/index.php\/mentions-legales\/#breadcrumb\",\"itemListElement\":[{\"@type\":\"ListItem\",\"position\":1,\"name\":\"Accueil\",\"item\":\"https:\/\/eva-lafargue.com\/\"},{\"@type\":\"ListItem\",\"position\":2,\"name\":\"Mentions l\u00e9gales\"}]},{\"@type\":\"WebSite\",\"@id\":\"https:\/\/eva-lafargue.com\/#website\",\"url\":\"https:\/\/eva-lafargue.com\/\",\"name\":\"Eva Lafargue\",\"description\":\"\",\"publisher\":{\"@id\":\"https:\/\/eva-lafargue.com\/#organization\"},\"potentialAction\":[{\"@type\":\"SearchAction\",\"target\":{\"@type\":\"EntryPoint\",\"urlTemplate\":\"https:\/\/eva-lafargue.com\/?s={search_term_string}\"},\"query-input\":{\"@type\":\"PropertyValueSpecification\",\"valueRequired\":true,\"valueName\":\"search_term_string\"}}],\"inLanguage\":\"fr-FR\"},{\"@type\":\"Organization\",\"@id\":\"https:\/\/eva-lafargue.com\/#organization\",\"name\":\"Eva Lafargue\",\"url\":\"https:\/\/eva-lafargue.com\/\",\"logo\":{\"@type\":\"ImageObject\",\"inLanguage\":\"fr-FR\",\"@id\":\"https:\/\/eva-lafargue.com\/#\/schema\/logo\/image\/\",\"url\":\"https:\/\/eva-lafargue.com\/wp-content\/uploads\/2023\/04\/4.png\",\"contentUrl\":\"https:\/\/eva-lafargue.com\/wp-content\/uploads\/2023\/04\/4.png\",\"width\":500,\"height\":500,\"caption\":\"Eva Lafargue\"},\"image\":{\"@id\":\"https:\/\/eva-lafargue.com\/#\/schema\/logo\/image\/\"}}]}<\/script>\n<!-- \/ Yoast SEO plugin. -->","yoast_head_json":{"title":"Mentions l\u00e9gales - Eva Lafargue","robots":{"index":"index","follow":"follow","max-snippet":"max-snippet:-1","max-image-preview":"max-image-preview:large","max-video-preview":"max-video-preview:-1"},"canonical":"https:\/\/eva-lafargue.com\/index.php\/mentions-legales\/","og_locale":"fr_FR","og_type":"article","og_title":"Mentions l\u00e9gales - Eva Lafargue","og_description":"En vigueur au 02\/06\/2023 Conform\u00e9ment aux dispositions des Articles 6-III et 19 de la Loi n\u00b02004-575 du 21 juin 2004 pour la Confiance dans l\u2019\u00e9conomie num\u00e9rique, dite L.C.E.N., il est port\u00e9 \u00e0 la connaissance des utilisateurs et visiteurs, ci-apr\u00e8s l\u00a0\u00bb\u00a0\u00bbUtilisateur\u00ab\u00a0, du site eva-lafargue.com , ci-apr\u00e8s le \u00ab\u00a0Site\u00ab\u00a0, les pr\u00e9sentes mentions l\u00e9gales. La connexion et la [&hellip;]","og_url":"https:\/\/eva-lafargue.com\/index.php\/mentions-legales\/","og_site_name":"Eva Lafargue","twitter_card":"summary_large_image","twitter_misc":{"Dur\u00e9e de lecture estim\u00e9e":"2 minutes"},"schema":{"@context":"https:\/\/schema.org","@graph":[{"@type":"WebPage","@id":"https:\/\/eva-lafargue.com\/index.php\/mentions-legales\/","url":"https:\/\/eva-lafargue.com\/index.php\/mentions-legales\/","name":"Mentions l\u00e9gales - Eva Lafargue","isPartOf":{"@id":"https:\/\/eva-lafargue.com\/#website"},"datePublished":"2023-06-02T11:25:11+00:00","breadcrumb":{"@id":"https:\/\/eva-lafargue.com\/index.php\/mentions-legales\/#breadcrumb"},"inLanguage":"fr-FR","potentialAction":[{"@type":"ReadAction","target":["https:\/\/eva-lafargue.com\/index.php\/mentions-legales\/"]}]},{"@type":"BreadcrumbList","@id":"https:\/\/eva-lafargue.com\/index.php\/mentions-legales\/#breadcrumb","itemListElement":[{"@type":"ListItem","position":1,"name":"Accueil","item":"https:\/\/eva-lafargue.com\/"},{"@type":"ListItem","position":2,"name":"Mentions l\u00e9gales"}]},{"@type":"WebSite","@id":"https:\/\/eva-lafargue.com\/#website","url":"https:\/\/eva-lafargue.com\/","name":"Eva Lafargue","description":"","publisher":{"@id":"https:\/\/eva-lafargue.com\/#organization"},"potentialAction":[{"@type":"SearchAction","target":{"@type":"EntryPoint","urlTemplate":"https:\/\/eva-lafargue.com\/?s={search_term_string}"},"query-input":{"@type":"PropertyValueSpecification","valueRequired":true,"valueName":"search_term_string"}}],"inLanguage":"fr-FR"},{"@type":"Organization","@id":"https:\/\/eva-lafargue.com\/#organization","name":"Eva Lafargue","url":"https:\/\/eva-lafargue.com\/","logo":{"@type":"ImageObject","inLanguage":"fr-FR","@id":"https:\/\/eva-lafargue.com\/#\/schema\/logo\/image\/","url":"https:\/\/eva-lafargue.com\/wp-content\/uploads\/2023\/04\/4.png","contentUrl":"https:\/\/eva-lafargue.com\/wp-content\/uploads\/2023\/04\/4.png","width":500,"height":500,"caption":"Eva Lafargue"},"image":{"@id":"https:\/\/eva-lafargue.com\/#\/schema\/logo\/image\/"}}]}},"_links":{"self":[{"href":"https:\/\/eva-lafargue.com\/index.php\/wp-json\/wp\/v2\/pages\/10216"}],"collection":[{"href":"https:\/\/eva-lafargue.com\/index.php\/wp-json\/wp\/v2\/pages"}],"about":[{"href":"https:\/\/eva-lafargue.com\/index.php\/wp-json\/wp\/v2\/types\/page"}],"author":[{"embeddable":true,"href":"https:\/\/eva-lafargue.com\/index.php\/wp-json\/wp\/v2\/users\/1"}],"replies":[{"embeddable":true,"href":"https:\/\/eva-lafargue.com\/index.php\/wp-json\/wp\/v2\/comments?post=10216"}],"version-history":[{"count":0,"href":"https:\/\/eva-lafargue.com\/index.php\/wp-json\/wp\/v2\/pages\/10216\/revisions"}],"wp:attachment":[{"href":"https:\/\/eva-lafargue.com\/index.php\/wp-json\/wp\/v2\/media?parent=10216"}],"curies":[{"name":"wp","href":"https:\/\/api.w.org\/{rel}","templated":true}]}}